{"id":364,"date":"2018-08-06T10:58:32","date_gmt":"2018-08-06T10:58:32","guid":{"rendered":"http:\/\/eicher-landhandel.de\/?page_id=364"},"modified":"2018-08-06T11:05:03","modified_gmt":"2018-08-06T11:05:03","slug":"aktuelles","status":"publish","type":"page","link":"https:\/\/eicher-landhandel.de\/?page_id=364","title":{"rendered":"Aktuelles"},"content":{"rendered":"<h3 style=\"text-align: center;\"><strong>Fortschritt statt Stillstand: Mit unserem neuen Streuer ist es m\u00f6glich, selbst feuchten Kalk gleichm\u00e4\u00dfig zu verteilen.<\/strong><\/h3>\n<h4 style=\"text-align: left;\"><strong>Sie fahren einen neuen Traktor?<\/strong><\/h4>\n<h4 style=\"text-align: left;\"><strong>\u00a0<\/strong><strong>Heutzutage verwenden neue Maschinen spezielle Hochleistungs-Hydraulik\u00f6le.\u00a0<\/strong><strong>Damit diese sich nicht vermischen, besitzt der Streumaster BW 108 TD eine eigene \u00d6lpumpe.<\/strong><\/h4>\n<h4 style=\"text-align: left;\"><\/h4>\n<h4 style=\"text-align: left;\"><strong>Weit verteilte Fl\u00e4chen? <\/strong><\/h4>\n<h4 style=\"text-align: left;\"><strong>Kein Problem. Unser Streuer\u00a0<\/strong><strong>verf\u00fcgt \u00fcber eine 40 km\/h Stra\u00dfenzulassung.<\/strong><\/h4>\n<h4 style=\"text-align: left;\"><\/h4>\n<p>&nbsp;<\/p>\n<p><img decoding=\"async\" loading=\"lazy\" class=\"size-large wp-image-275 aligncenter\" src=\"http:\/\/eicher-landhandel.de\/wp-content\/uploads\/2016\/05\/DSC00078-1024x768.jpg\" alt=\"\" width=\"640\" height=\"480\" srcset=\"https:\/\/eicher-landhandel.de\/wp-content\/uploads\/2016\/05\/DSC00078-1024x768.jpg 1024w, https:\/\/eicher-landhandel.de\/wp-content\/uploads\/2016\/05\/DSC00078-300x225.jpg 300w, https:\/\/eicher-landhandel.de\/wp-content\/uploads\/2016\/05\/DSC00078-768x576.jpg 768w, https:\/\/eicher-landhandel.de\/wp-content\/uploads\/2016\/05\/DSC00078-360x270.jpg 360w\" sizes=\"(max-width: 640px) 100vw, 640px\" \/> <img decoding=\"async\" loading=\"lazy\" class=\"size-large wp-image-276 aligncenter\" src=\"http:\/\/eicher-landhandel.de\/wp-content\/uploads\/2016\/05\/DSC00083-1024x768.jpg\" alt=\"\" width=\"640\" height=\"480\" srcset=\"https:\/\/eicher-landhandel.de\/wp-content\/uploads\/2016\/05\/DSC00083-1024x768.jpg 1024w, https:\/\/eicher-landhandel.de\/wp-content\/uploads\/2016\/05\/DSC00083-300x225.jpg 300w, https:\/\/eicher-landhandel.de\/wp-content\/uploads\/2016\/05\/DSC00083-768x576.jpg 768w, https:\/\/eicher-landhandel.de\/wp-content\/uploads\/2016\/05\/DSC00083-360x270.jpg 360w\" sizes=\"(max-width: 640px) 100vw, 640px\" \/> <img decoding=\"async\" loading=\"lazy\" class=\"size-large wp-image-277 aligncenter\" src=\"http:\/\/eicher-landhandel.de\/wp-content\/uploads\/2016\/05\/DSC00087-1024x768.jpg\" alt=\"\" width=\"640\" height=\"480\" srcset=\"https:\/\/eicher-landhandel.de\/wp-content\/uploads\/2016\/05\/DSC00087-1024x768.jpg 1024w, https:\/\/eicher-landhandel.de\/wp-content\/uploads\/2016\/05\/DSC00087-300x225.jpg 300w, https:\/\/eicher-landhandel.de\/wp-content\/uploads\/2016\/05\/DSC00087-768x576.jpg 768w, https:\/\/eicher-landhandel.de\/wp-content\/uploads\/2016\/05\/DSC00087-360x270.jpg 360w\" sizes=\"(max-width: 640px) 100vw, 640px\" \/> <img decoding=\"async\" loading=\"lazy\" class=\"size-large wp-image-278 aligncenter\" src=\"http:\/\/eicher-landhandel.de\/wp-content\/uploads\/2016\/05\/DSC00089-1024x768.jpg\" alt=\"\" width=\"640\" height=\"480\" srcset=\"https:\/\/eicher-landhandel.de\/wp-content\/uploads\/2016\/05\/DSC00089-1024x768.jpg 1024w, https:\/\/eicher-landhandel.de\/wp-content\/uploads\/2016\/05\/DSC00089-300x225.jpg 300w, https:\/\/eicher-landhandel.de\/wp-content\/uploads\/2016\/05\/DSC00089-768x576.jpg 768w, https:\/\/eicher-landhandel.de\/wp-content\/uploads\/2016\/05\/DSC00089-360x270.jpg 360w\" sizes=\"(max-width: 640px) 100vw, 640px\" \/> <img decoding=\"async\" loading=\"lazy\" class=\"wp-image-279 aligncenter\" src=\"http:\/\/eicher-landhandel.de\/wp-content\/uploads\/2016\/05\/DSC00090-1024x768.jpg\" alt=\"\" width=\"640\" height=\"480\" srcset=\"https:\/\/eicher-landhandel.de\/wp-content\/uploads\/2016\/05\/DSC00090-1024x768.jpg 1024w, https:\/\/eicher-landhandel.de\/wp-content\/uploads\/2016\/05\/DSC00090-300x225.jpg 300w, https:\/\/eicher-landhandel.de\/wp-content\/uploads\/2016\/05\/DSC00090-768x576.jpg 768w, https:\/\/eicher-landhandel.de\/wp-content\/uploads\/2016\/05\/DSC00090-360x270.jpg 360w\" sizes=\"(max-width: 640px) 100vw, 640px\" \/><\/p>\n<p>&nbsp;<\/p>\n","protected":false},"excerpt":{"rendered":"<p>Fortschritt statt Stillstand: Mit unserem neuen Streuer ist es m\u00f6glich, selbst feuchten Kalk gleichm\u00e4\u00dfig zu verteilen. Sie fahren einen neuen Traktor? \u00a0Heutzutage verwenden neue Maschinen spezielle Hochleistungs-Hydraulik\u00f6le.\u00a0Damit diese sich nicht vermischen, besitzt der Streumaster BW 108 TD eine eigene \u00d6lpumpe. Weit verteilte Fl\u00e4chen? Kein Problem. Unser Streuer\u00a0verf\u00fcgt \u00fcber eine 40 km\/h Stra\u00dfenzulassung. &nbsp; &nbsp;<\/p>\n","protected":false},"author":1,"featured_media":0,"parent":0,"menu_order":0,"comment_status":"closed","ping_status":"closed","template":"","meta":[],"_links":{"self":[{"href":"https:\/\/eicher-landhandel.de\/index.php?rest_route=\/wp\/v2\/pages\/364"}],"collection":[{"href":"https:\/\/eicher-landhandel.de\/index.php?rest_route=\/wp\/v2\/pages"}],"about":[{"href":"https:\/\/eicher-landhandel.de\/index.php?rest_route=\/wp\/v2\/types\/page"}],"author":[{"embeddable":true,"href":"https:\/\/eicher-landhandel.de\/index.php?rest_route=\/wp\/v2\/users\/1"}],"replies":[{"embeddable":true,"href":"https:\/\/eicher-landhandel.de\/index.php?rest_route=%2Fwp%2Fv2%2Fcomments&post=364"}],"version-history":[{"count":2,"href":"https:\/\/eicher-landhandel.de\/index.php?rest_route=\/wp\/v2\/pages\/364\/revisions"}],"predecessor-version":[{"id":366,"href":"https:\/\/eicher-landhandel.de\/index.php?rest_route=\/wp\/v2\/pages\/364\/revisions\/366"}],"wp:attachment":[{"href":"https:\/\/eicher-landhandel.de\/index.php?rest_route=%2Fwp%2Fv2%2Fmedia&parent=364"}],"curies":[{"name":"wp","href":"https:\/\/api.w.org\/{rel}","templated":true}]}}