{"id":42,"date":"2018-02-17T22:23:06","date_gmt":"2018-02-17T22:23:06","guid":{"rendered":"http:\/\/eicher-landhandel.de\/?page_id=42"},"modified":"2018-10-21T17:47:00","modified_gmt":"2018-10-21T17:47:00","slug":"beratung","status":"publish","type":"page","link":"https:\/\/eicher-landhandel.de\/?page_id=42","title":{"rendered":"Beratung"},"content":{"rendered":"<p>Sie ben\u00f6tigen fachkundige Beratung im\u00a0<b>Agrarbereich<\/b>? Dann sind Sie bei uns genau richtig. Wir verf\u00fcgen \u00fcber langj\u00e4hrige Erfahrungen im Bereich Pflanzenschutz und D\u00fcngemittel.<\/p>\n<p><b>Thomas Eicher: Tel.: 0171-803 12 29<\/b><\/p>\n<p><b>info@eicher-landhandel.de<\/b><\/p>\n<p><img decoding=\"async\" loading=\"lazy\" class=\"alignnone size-full wp-image-262\" src=\"http:\/\/eicher-landhandel.de\/wp-content\/uploads\/2018\/03\/sssdffff.jpg\" alt=\"\" width=\"1000\" height=\"500\" srcset=\"https:\/\/eicher-landhandel.de\/wp-content\/uploads\/2018\/03\/sssdffff.jpg 1000w, https:\/\/eicher-landhandel.de\/wp-content\/uploads\/2018\/03\/sssdffff-300x150.jpg 300w, https:\/\/eicher-landhandel.de\/wp-content\/uploads\/2018\/03\/sssdffff-768x384.jpg 768w, https:\/\/eicher-landhandel.de\/wp-content\/uploads\/2018\/03\/sssdffff-540x270.jpg 540w\" sizes=\"(max-width: 1000px) 100vw, 1000px\" \/><\/p>\n<p>Haben Sie Probleme oder Fragen zur\u00a0<b>Pferdef\u00fctterung<\/b>, dann helfen wir Ihnen gerne weiter.<\/p>\n<p><b>Susanne Eicher: Tel: 0160-184 99 62<\/b><\/p>\n<p><b>info@eicher-landhandel.de<\/b><\/p>\n<p>&nbsp;<\/p>\n<h1 style=\"text-align: center;\"><a href=\"http:\/\/eicher-landhandel.de\/\"><img decoding=\"async\" loading=\"lazy\" class=\"wp-image-380 aligncenter\" style=\"font-size: 16px; font-weight: 400; text-align: start;\" src=\"http:\/\/eicher-landhandel.de\/wp-content\/uploads\/2018\/08\/Home.jpg\" alt=\"\" width=\"469\" height=\"352\" srcset=\"https:\/\/eicher-landhandel.de\/wp-content\/uploads\/2018\/08\/Home.jpg 640w, https:\/\/eicher-landhandel.de\/wp-content\/uploads\/2018\/08\/Home-300x225.jpg 300w, https:\/\/eicher-landhandel.de\/wp-content\/uploads\/2018\/08\/Home-360x270.jpg 360w\" sizes=\"(max-width: 469px) 100vw, 469px\" \/><\/a><\/h1>\n","protected":false},"excerpt":{"rendered":"<p>Sie ben\u00f6tigen fachkundige Beratung im\u00a0Agrarbereich? Dann sind Sie bei uns genau richtig. Wir verf\u00fcgen \u00fcber langj\u00e4hrige Erfahrungen im Bereich Pflanzenschutz und D\u00fcngemittel. Thomas Eicher: Tel.: 0171-803 12 29 info@eicher-landhandel.de Haben Sie Probleme oder Fragen zur\u00a0Pferdef\u00fctterung, dann helfen wir Ihnen gerne weiter. Susanne Eicher: Tel: 0160-184 99 62 info@eicher-landhandel.de &nbsp;<\/p>\n","protected":false},"author":1,"featured_media":0,"parent":0,"menu_order":0,"comment_status":"closed","ping_status":"closed","template":"","meta":[],"_links":{"self":[{"href":"https:\/\/eicher-landhandel.de\/index.php?rest_route=\/wp\/v2\/pages\/42"}],"collection":[{"href":"https:\/\/eicher-landhandel.de\/index.php?rest_route=\/wp\/v2\/pages"}],"about":[{"href":"https:\/\/eicher-landhandel.de\/index.php?rest_route=\/wp\/v2\/types\/page"}],"author":[{"embeddable":true,"href":"https:\/\/eicher-landhandel.de\/index.php?rest_route=\/wp\/v2\/users\/1"}],"replies":[{"embeddable":true,"href":"https:\/\/eicher-landhandel.de\/index.php?rest_route=%2Fwp%2Fv2%2Fcomments&post=42"}],"version-history":[{"count":8,"href":"https:\/\/eicher-landhandel.de\/index.php?rest_route=\/wp\/v2\/pages\/42\/revisions"}],"predecessor-version":[{"id":402,"href":"https:\/\/eicher-landhandel.de\/index.php?rest_route=\/wp\/v2\/pages\/42\/revisions\/402"}],"wp:attachment":[{"href":"https:\/\/eicher-landhandel.de\/index.php?rest_route=%2Fwp%2Fv2%2Fmedia&parent=42"}],"curies":[{"name":"wp","href":"https:\/\/api.w.org\/{rel}","templated":true}]}}