{"id":61,"date":"2018-02-17T22:29:07","date_gmt":"2018-02-17T22:29:07","guid":{"rendered":"http:\/\/eicher-landhandel.de\/?page_id=61"},"modified":"2018-08-06T11:54:07","modified_gmt":"2018-08-06T11:54:07","slug":"pflanzenschutz-2","status":"publish","type":"page","link":"https:\/\/eicher-landhandel.de\/?page_id=61","title":{"rendered":"Pflanzenschutz"},"content":{"rendered":"<h2><img decoding=\"async\" loading=\"lazy\" class=\"alignnone wp-image-358\" src=\"http:\/\/eicher-landhandel.de\/wp-content\/uploads\/2018\/05\/DSC00929-1024x577.jpg\" alt=\"\" width=\"625\" height=\"352\" srcset=\"https:\/\/eicher-landhandel.de\/wp-content\/uploads\/2018\/05\/DSC00929-1024x577.jpg 1024w, https:\/\/eicher-landhandel.de\/wp-content\/uploads\/2018\/05\/DSC00929-300x169.jpg 300w, https:\/\/eicher-landhandel.de\/wp-content\/uploads\/2018\/05\/DSC00929-768x433.jpg 768w, https:\/\/eicher-landhandel.de\/wp-content\/uploads\/2018\/05\/DSC00929-479x270.jpg 479w\" sizes=\"(max-width: 625px) 100vw, 625px\" \/><\/h2>\n<h2>Lassen Sie sich auch ungern die Ernte vermiesen?<\/h2>\n<p>Mit unserem Pflanzenschutz-Programm k\u00f6nnen Sie sch\u00e4dliches Ungeziefer und wurzel- oder pflanzensch\u00e4digendes Unkraut ganz gezielt fernhalten. Unsere Bek\u00e4mpfungsmittel orientieren sich stets am neuesten Stand der Forschung. So k\u00f6nnen Sie auf garantiert hochwertige und innovative Qualit\u00e4t bauen.<\/p>\n<p>Wir bieten eine umfangreiche Palette an Produkten f\u00fcr den Pflanzenschutz, z. B.:<\/p>\n<p>&#8211; Unkrautbek\u00e4mpfung<\/p>\n<p>&#8211; Pilzbek\u00e4mpfung<\/p>\n<p>&#8211; Insektenbek\u00e4mpfung<\/p>\n<p>&#8211; Sch\u00e4dlingsbek\u00e4mpfung<\/p>\n<p>&#8211; Schneckenkorn<\/p>\n<p><b><br \/>\n<\/b><b>Achtung! Einige Produkte d\u00fcrfen nach dem Pflanzenschutzgesetz nur im Erwerbsgartenbau oder in der Landwirtschaft eingesetzt werden. Diese Produkte haben wir selbstverst\u00e4ndlich entsprechend gekennzeichnet. Wenn Sie ein solches Produkt erwerben oder bestellen, best\u00e4tigen Sie uns, dass sie das Produkt nicht im Haus- und Kleingartenbereich einsetzen.<\/b><\/p>\n<h1 style=\"text-align: center;\"><a href=\"http:\/\/eicher-landhandel.de\/\"><img decoding=\"async\" loading=\"lazy\" class=\"wp-image-380 aligncenter\" style=\"font-size: 16px; font-weight: 400; text-align: start;\" src=\"http:\/\/eicher-landhandel.de\/wp-content\/uploads\/2018\/08\/Home.jpg\" alt=\"\" width=\"469\" height=\"352\" srcset=\"https:\/\/eicher-landhandel.de\/wp-content\/uploads\/2018\/08\/Home.jpg 640w, https:\/\/eicher-landhandel.de\/wp-content\/uploads\/2018\/08\/Home-300x225.jpg 300w, https:\/\/eicher-landhandel.de\/wp-content\/uploads\/2018\/08\/Home-360x270.jpg 360w\" sizes=\"(max-width: 469px) 100vw, 469px\" \/><\/a><\/h1>\n","protected":false},"excerpt":{"rendered":"<p>Lassen Sie sich auch ungern die Ernte vermiesen? Mit unserem Pflanzenschutz-Programm k\u00f6nnen Sie sch\u00e4dliches Ungeziefer und wurzel- oder pflanzensch\u00e4digendes Unkraut ganz gezielt fernhalten. Unsere Bek\u00e4mpfungsmittel orientieren sich stets am neuesten Stand der Forschung. So k\u00f6nnen Sie auf garantiert hochwertige und innovative Qualit\u00e4t bauen. Wir bieten eine umfangreiche Palette an Produkten f\u00fcr den Pflanzenschutz, z. B.: &#8211; Unkrautbek\u00e4mpfung &#8211; Pilzbek\u00e4mpfung &#8211; Insektenbek\u00e4mpfung &#8211; Sch\u00e4dlingsbek\u00e4mpfung &#8211; Schneckenkorn Achtung! Einige Produkte d\u00fcrfen nach dem Pflanzenschutzgesetz nur im Erwerbsgartenbau oder in der Landwirtschaft eingesetzt&#8230;<\/p>\n<p class=\"read-more\"><a class=\"btn btn-default\" href=\"https:\/\/eicher-landhandel.de\/?page_id=61\">Weiterlesen<span class=\"screen-reader-text\"> Weiterlesen<\/span><\/a><\/p>\n","protected":false},"author":1,"featured_media":0,"parent":15,"menu_order":0,"comment_status":"closed","ping_status":"closed","template":"","meta":[],"_links":{"self":[{"href":"https:\/\/eicher-landhandel.de\/index.php?rest_route=\/wp\/v2\/pages\/61"}],"collection":[{"href":"https:\/\/eicher-landhandel.de\/index.php?rest_route=\/wp\/v2\/pages"}],"about":[{"href":"https:\/\/eicher-landhandel.de\/index.php?rest_route=\/wp\/v2\/types\/page"}],"author":[{"embeddable":true,"href":"https:\/\/eicher-landhandel.de\/index.php?rest_route=\/wp\/v2\/users\/1"}],"replies":[{"embeddable":true,"href":"https:\/\/eicher-landhandel.de\/index.php?rest_route=%2Fwp%2Fv2%2Fcomments&post=61"}],"version-history":[{"count":5,"href":"https:\/\/eicher-landhandel.de\/index.php?rest_route=\/wp\/v2\/pages\/61\/revisions"}],"predecessor-version":[{"id":385,"href":"https:\/\/eicher-landhandel.de\/index.php?rest_route=\/wp\/v2\/pages\/61\/revisions\/385"}],"up":[{"embeddable":true,"href":"https:\/\/eicher-landhandel.de\/index.php?rest_route=\/wp\/v2\/pages\/15"}],"wp:attachment":[{"href":"https:\/\/eicher-landhandel.de\/index.php?rest_route=%2Fwp%2Fv2%2Fmedia&parent=61"}],"curies":[{"name":"wp","href":"https:\/\/api.w.org\/{rel}","templated":true}]}}