{"id":63,"date":"2018-02-17T22:29:53","date_gmt":"2018-02-17T22:29:53","guid":{"rendered":"http:\/\/eicher-landhandel.de\/?page_id=63"},"modified":"2018-08-06T12:59:07","modified_gmt":"2018-08-06T12:59:07","slug":"saatgut-2","status":"publish","type":"page","link":"https:\/\/eicher-landhandel.de\/?page_id=63","title":{"rendered":"Saatgut"},"content":{"rendered":"<p><img decoding=\"async\" loading=\"lazy\" class=\"alignnone size-large wp-image-297\" src=\"http:\/\/eicher-landhandel.de\/wp-content\/uploads\/2018\/05\/DSC00787-1024x768.jpg\" alt=\"\" width=\"640\" height=\"480\" srcset=\"https:\/\/eicher-landhandel.de\/wp-content\/uploads\/2018\/05\/DSC00787-1024x768.jpg 1024w, https:\/\/eicher-landhandel.de\/wp-content\/uploads\/2018\/05\/DSC00787-300x225.jpg 300w, https:\/\/eicher-landhandel.de\/wp-content\/uploads\/2018\/05\/DSC00787-768x576.jpg 768w, https:\/\/eicher-landhandel.de\/wp-content\/uploads\/2018\/05\/DSC00787-360x270.jpg 360w\" sizes=\"(max-width: 640px) 100vw, 640px\" \/><\/p>\n<p>Hochwertiges Saatgut ist die Basis eines jeden erfolgreichen landwirtschaftlichen Betriebes.<\/p>\n<p>Bei uns k\u00f6nnen Sie erstklassige Saaten von kontrollierter Qualit\u00e4t beziehen. Wir bieiten Ihnen<\/p>\n<p>ein umfangreiches Sortiment von nahmhaften Gro\u00dfh\u00e4ndlern.<\/p>\n<p>Unsere Produktpalette umfasst:<\/p>\n<p>&#8211; Raps<\/p>\n<p>&#8211; Getreide<\/p>\n<p>&#8211; Mais<\/p>\n<p>&#8211; Zwischenfr\u00fcchte<\/p>\n<p>&nbsp;<\/p>\n<p>&nbsp;<\/p>\n<p>Sie ben\u00f6tigen spezielles Saatgut? Fragen sie einfach nach.<\/p>\n<p>&nbsp;<\/p>\n<h1 style=\"text-align: center;\"><a href=\"http:\/\/eicher-landhandel.de\/\"><img decoding=\"async\" loading=\"lazy\" class=\"wp-image-380 aligncenter\" style=\"font-size: 16px; font-weight: 400; text-align: start;\" src=\"http:\/\/eicher-landhandel.de\/wp-content\/uploads\/2018\/08\/Home.jpg\" alt=\"\" width=\"469\" height=\"352\" srcset=\"https:\/\/eicher-landhandel.de\/wp-content\/uploads\/2018\/08\/Home.jpg 640w, https:\/\/eicher-landhandel.de\/wp-content\/uploads\/2018\/08\/Home-300x225.jpg 300w, https:\/\/eicher-landhandel.de\/wp-content\/uploads\/2018\/08\/Home-360x270.jpg 360w\" sizes=\"(max-width: 469px) 100vw, 469px\" \/><\/a><\/h1>\n","protected":false},"excerpt":{"rendered":"<p>Hochwertiges Saatgut ist die Basis eines jeden erfolgreichen landwirtschaftlichen Betriebes. Bei uns k\u00f6nnen Sie erstklassige Saaten von kontrollierter Qualit\u00e4t beziehen. Wir bieiten Ihnen ein umfangreiches Sortiment von nahmhaften Gro\u00dfh\u00e4ndlern. Unsere Produktpalette umfasst: &#8211; Raps &#8211; Getreide &#8211; Mais &#8211; Zwischenfr\u00fcchte &nbsp; &nbsp; Sie ben\u00f6tigen spezielles Saatgut? Fragen sie einfach nach. &nbsp;<\/p>\n","protected":false},"author":1,"featured_media":0,"parent":15,"menu_order":0,"comment_status":"closed","ping_status":"closed","template":"","meta":[],"_links":{"self":[{"href":"https:\/\/eicher-landhandel.de\/index.php?rest_route=\/wp\/v2\/pages\/63"}],"collection":[{"href":"https:\/\/eicher-landhandel.de\/index.php?rest_route=\/wp\/v2\/pages"}],"about":[{"href":"https:\/\/eicher-landhandel.de\/index.php?rest_route=\/wp\/v2\/types\/page"}],"author":[{"embeddable":true,"href":"https:\/\/eicher-landhandel.de\/index.php?rest_route=\/wp\/v2\/users\/1"}],"replies":[{"embeddable":true,"href":"https:\/\/eicher-landhandel.de\/index.php?rest_route=%2Fwp%2Fv2%2Fcomments&post=63"}],"version-history":[{"count":8,"href":"https:\/\/eicher-landhandel.de\/index.php?rest_route=\/wp\/v2\/pages\/63\/revisions"}],"predecessor-version":[{"id":398,"href":"https:\/\/eicher-landhandel.de\/index.php?rest_route=\/wp\/v2\/pages\/63\/revisions\/398"}],"up":[{"embeddable":true,"href":"https:\/\/eicher-landhandel.de\/index.php?rest_route=\/wp\/v2\/pages\/15"}],"wp:attachment":[{"href":"https:\/\/eicher-landhandel.de\/index.php?rest_route=%2Fwp%2Fv2%2Fmedia&parent=63"}],"curies":[{"name":"wp","href":"https:\/\/api.w.org\/{rel}","templated":true}]}}